{"id":33,"date":"2023-11-04T18:07:37","date_gmt":"2023-11-04T17:07:37","guid":{"rendered":"http:\/\/asd-trading.at\/?page_id=33"},"modified":"2023-11-04T19:09:19","modified_gmt":"2023-11-04T18:09:19","slug":"ueber","status":"publish","type":"page","link":"https:\/\/asd-trading.at\/?page_id=33","title":{"rendered":"\u00dcber uns"},"content":{"rendered":"\n<div class=\"wp-block-cover alignfull\" style=\"min-height:300px;aspect-ratio:unset;\"><span aria-hidden=\"true\" class=\"wp-block-cover__background has-nv-site-bg-background-color has-background-dim-100 has-background-dim\"><\/span><div class=\"wp-block-cover__inner-container is-layout-flow wp-block-cover-is-layout-flow\">\n<div class=\"wp-block-group\"><div class=\"wp-block-group__inner-container is-layout-flow wp-block-group-is-layout-flow\">\n<h1 class=\"wp-block-heading has-text-align-left has-neve-text-color-color has-text-color\">Unternehmen<\/h1>\n<\/div><\/div>\n<\/div><\/div>\n\n\n\n<div class=\"wp-block-cover alignfull\" style=\"min-height:600px;aspect-ratio:unset;\"><span aria-hidden=\"true\" class=\"wp-block-cover__background has-nv-light-bg-background-color has-background-dim-100 has-background-dim\"><\/span><div class=\"wp-block-cover__inner-container is-layout-flow wp-block-cover-is-layout-flow\">\n<div class=\"wp-block-group\"><div class=\"wp-block-group__inner-container is-layout-flow wp-block-group-is-layout-flow\">\n<div style=\"height:80px\" aria-hidden=\"true\" class=\"wp-block-spacer\"><\/div>\n\n\n\n<div class=\"wp-block-columns are-vertically-aligned-center is-layout-flex wp-container-core-columns-is-layout-9d6595d7 wp-block-columns-is-layout-flex\">\n<div class=\"wp-block-column is-vertically-aligned-center is-layout-flow wp-block-column-is-layout-flow\" style=\"flex-basis:50%\">\n<figure class=\"wp-block-image size-large\"><img decoding=\"async\" src=\"http:\/\/asd-trading.at\/wp-content\/themes\/neve\/assets\/img\/starter-content\/card-06.jpg\" alt=\"\"\/><\/figure>\n<\/div>\n\n\n\n<div class=\"wp-block-column is-vertically-aligned-center is-layout-flow wp-block-column-is-layout-flow\" style=\"flex-basis:50%\">\n<h2 class=\"wp-block-heading has-neve-text-color-color has-text-color\"><mark style=\"background-color:rgba(0, 0, 0, 0)\" class=\"has-inline-color has-nv-dark-bg-color\">ASD Trading GmbH <\/mark><\/h2>\n\n\n\n<p><mark style=\"background-color:rgba(0, 0, 0, 0)\" class=\"has-inline-color has-nv-dark-bg-color\">Ihre elektronische Verbindung zur Zukunft. Seit unserer Gr\u00fcndung haben wir es uns zur Aufgabe gemacht, unsere Kunden mit erstklassigen Elektronikl\u00f6sungen zu versorgen. Unser Portfolio umfasst eine breite Palette von aktiven, passiven und sogar obsolete Elektronikbauteilen. Unser Engagement f\u00fcr Qualit\u00e4t, Innovation und Zuverl\u00e4ssigkeit ist un\u00fcbertroffen. Wir verstehen, dass in der Welt der Elektronik die Zeit von entscheidender Bedeutung ist, und deshalb bieten wir kurze Lieferzeiten an. Unsere professionelle Lagerung gew\u00e4hrleistet, dass Ihre Bauteile in bestm\u00f6glichem Zustand gelagert sind. Wir sind flexibel in der Abwicklung von individuellen Rahmenbestellungen und bieten bequeme Netto-Zahlungsoptionen f\u00fcr finanzielle Flexibilit\u00e4t. Unser Engagement f\u00fcr h\u00f6chste Standards zeigt sich in unserer umfassenden Qualit\u00e4tssicherung. Treten Sie ein in die Welt von ASD Trading GmbH und erleben Sie die Zukunft der Elektronik.<\/mark><\/p>\n<\/div>\n<\/div>\n\n\n\n<div style=\"height:40px\" aria-hidden=\"true\" class=\"wp-block-spacer\"><\/div>\n<\/div><\/div>\n<\/div><\/div>\n","protected":false},"excerpt":{"rendered":"","protected":false},"author":1,"featured_media":0,"parent":0,"menu_order":0,"comment_status":"closed","ping_status":"closed","template":"","meta":{"neve_meta_sidebar":"","neve_meta_container":"","neve_meta_enable_content_width":"on","neve_meta_content_width":100,"neve_meta_title_alignment":"","neve_meta_author_avatar":"","neve_post_elements_order":"","neve_meta_disable_header":"","neve_meta_disable_footer":"","neve_meta_disable_title":"on","_ti_tpc_template_sync":false,"_ti_tpc_template_id":"","footnotes":""},"class_list":["post-33","page","type-page","status-publish","hentry"],"_links":{"self":[{"href":"https:\/\/asd-trading.at\/index.php?rest_route=\/wp\/v2\/pages\/33","targetHints":{"allow":["GET"]}}],"collection":[{"href":"https:\/\/asd-trading.at\/index.php?rest_route=\/wp\/v2\/pages"}],"about":[{"href":"https:\/\/asd-trading.at\/index.php?rest_route=\/wp\/v2\/types\/page"}],"author":[{"embeddable":true,"href":"https:\/\/asd-trading.at\/index.php?rest_route=\/wp\/v2\/users\/1"}],"replies":[{"embeddable":true,"href":"https:\/\/asd-trading.at\/index.php?rest_route=%2Fwp%2Fv2%2Fcomments&post=33"}],"version-history":[{"count":4,"href":"https:\/\/asd-trading.at\/index.php?rest_route=\/wp\/v2\/pages\/33\/revisions"}],"predecessor-version":[{"id":66,"href":"https:\/\/asd-trading.at\/index.php?rest_route=\/wp\/v2\/pages\/33\/revisions\/66"}],"wp:attachment":[{"href":"https:\/\/asd-trading.at\/index.php?rest_route=%2Fwp%2Fv2%2Fmedia&parent=33"}],"curies":[{"name":"wp","href":"https:\/\/api.w.org\/{rel}","templated":true}]}}