{"id":32,"date":"2023-11-04T18:07:37","date_gmt":"2023-11-04T17:07:37","guid":{"rendered":"http:\/\/asd-trading.at\/?page_id=32"},"modified":"2023-11-09T15:03:22","modified_gmt":"2023-11-09T14:03:22","slug":"startseite","status":"publish","type":"page","link":"https:\/\/asd-trading.at\/","title":{"rendered":"Startseite"},"content":{"rendered":"\n<div class=\"wp-block-cover alignfull is-light\" style=\"min-height:700px;aspect-ratio:unset;\"><span aria-hidden=\"true\" class=\"wp-block-cover__background has-background-dim-0 has-background-dim\"><\/span><img decoding=\"async\" class=\"wp-block-cover__image-background\" alt=\"\" src=\"http:\/\/asd-trading.at\/wp-content\/themes\/neve\/assets\/img\/starter-content\/hero.jpg\" style=\"object-position:50% 64%\" data-object-fit=\"cover\" data-object-position=\"50% 64%\"\/><div class=\"wp-block-cover__inner-container is-layout-flow wp-block-cover-is-layout-flow\">\n<div style=\"height:80px\" aria-hidden=\"true\" class=\"wp-block-spacer\"><\/div>\n\n\n\n<h1 class=\"wp-block-heading has-text-align-center has-text-color\" style=\"color:#121212;font-size:62px;font-style:normal;font-weight:700\">Qualit\u00e4t, Vielfalt, Vertrauen <\/h1>\n\n\n\n<p class=\"has-text-align-center has-text-color\" style=\"color:#121212;font-size:32px\">Unsere Elektronikbauteile, Ihre Zuverl\u00e4ssigkeit.<\/p>\n\n\n\n<div style=\"height:80px\" aria-hidden=\"true\" class=\"wp-block-spacer\"><\/div>\n\n\n\n<div style=\"height:80px\" aria-hidden=\"true\" class=\"wp-block-spacer\"><\/div>\n\n\n\n<p><\/p>\n<\/div><\/div>\n\n\n\n<div style=\"height:80px\" aria-hidden=\"true\" class=\"wp-block-spacer\"><\/div>\n\n\n\n<div class=\"wp-block-cover alignfull\" style=\"min-height:600px;aspect-ratio:unset;\"><span aria-hidden=\"true\" class=\"wp-block-cover__background has-nv-light-bg-background-color has-background-dim-100 has-background-dim\"><\/span><div class=\"wp-block-cover__inner-container is-layout-flow wp-block-cover-is-layout-flow\">\n<div class=\"wp-block-group\"><div class=\"wp-block-group__inner-container is-layout-flow wp-block-group-is-layout-flow\">\n<div style=\"height:80px\" aria-hidden=\"true\" class=\"wp-block-spacer\"><\/div>\n\n\n\n<div class=\"wp-block-columns are-vertically-aligned-center is-layout-flex wp-container-core-columns-is-layout-9d6595d7 wp-block-columns-is-layout-flex\">\n<div class=\"wp-block-column is-vertically-aligned-center is-layout-flow wp-block-column-is-layout-flow\" style=\"flex-basis:50%\">\n<figure class=\"wp-block-image size-large\"><img loading=\"lazy\" decoding=\"async\" width=\"1024\" height=\"682\" src=\"http:\/\/asd-trading.at\/wp-content\/uploads\/2023\/11\/Arife-ueber-uns-1024x682.jpg\" alt=\"\" class=\"wp-image-136\" srcset=\"https:\/\/asd-trading.at\/wp-content\/uploads\/2023\/11\/Arife-ueber-uns-1024x682.jpg 1024w, https:\/\/asd-trading.at\/wp-content\/uploads\/2023\/11\/Arife-ueber-uns-300x200.jpg 300w, https:\/\/asd-trading.at\/wp-content\/uploads\/2023\/11\/Arife-ueber-uns-768x512.jpg 768w, https:\/\/asd-trading.at\/wp-content\/uploads\/2023\/11\/Arife-ueber-uns-930x620.jpg 930w, https:\/\/asd-trading.at\/wp-content\/uploads\/2023\/11\/Arife-ueber-uns.jpg 1280w\" sizes=\"auto, (max-width: 1024px) 100vw, 1024px\" \/><\/figure>\n<\/div>\n\n\n\n<div class=\"wp-block-column is-vertically-aligned-center is-layout-flow wp-block-column-is-layout-flow\" style=\"flex-basis:50%\">\n<div style=\"height:20px\" aria-hidden=\"true\" class=\"wp-block-spacer\"><\/div>\n\n\n\n<h2 class=\"wp-block-heading has-text-align-left has-neve-text-color-color has-text-color\">\u00dcber Uns<\/h2>\n\n\n\n<p class=\"has-text-align-left has-neve-text-color-color has-text-color\" style=\"font-size:17px\">Willkommen bei ASD Trading GmbH \u2013 Ihr zuverl\u00e4ssiger Partner f\u00fcr elektronische Bauteile, einschlie\u00dflich schwer erh\u00e4ltlicher und stark nachgefragter Komponenten. Unser Engagement erstreckt sich \u00fcber aktive, passive und obsolete Elektronikkomponenten. Wir bieten Ihnen nicht nur erstklassige Produkte, sondern auch ausgezeichneten Service. Vertrauen Sie auf unsere Expertise, um Ihre elektronischen Anforderungen zu erf\u00fcllen und Projekte effizient voranzubringen <\/p>\n<\/div>\n<\/div>\n\n\n\n<div style=\"height:40px\" aria-hidden=\"true\" class=\"wp-block-spacer\"><\/div>\n<\/div><\/div>\n\n\n\n<div style=\"height:80px\" aria-hidden=\"true\" class=\"wp-block-spacer\"><\/div>\n<\/div><\/div>\n\n\n\n<div style=\"height:55px\" aria-hidden=\"true\" class=\"wp-block-spacer\"><\/div>\n\n\n\n<div class=\"wp-block-columns is-layout-flex wp-container-core-columns-is-layout-9d6595d7 wp-block-columns-is-layout-flex\">\n<div class=\"wp-block-column is-layout-flow wp-block-column-is-layout-flow\"><div class=\"wp-block-image icon-style is-style-default\">\n<figure class=\"aligncenter is-resized\"><img decoding=\"async\" src=\"http:\/\/asd-trading.at\/wp-content\/themes\/neve\/assets\/img\/starter-content\/icon-03.svg\" alt=\"\" style=\"width:48px;height:48px\"\/><\/figure>\n<\/div>\n\n\n<div style=\"height:20px\" aria-hidden=\"true\" class=\"wp-block-spacer\"><\/div>\n\n\n\n<h3 class=\"wp-block-heading has-text-align-center has-neve-text-color-color has-text-color\" style=\"font-size:21px\">P\u00fcnktliche Lieferung<\/h3>\n\n\n\n<p class=\"has-text-align-center\" style=\"font-size:15px\">Wir halten unser Versprechen: P\u00fcnktliche Lieferung, damit Ihre Projekte ohne Verz\u00f6gerungen vorankommen.<\/p>\n\n\n\n<div style=\"height:0px\" aria-hidden=\"true\" class=\"wp-block-spacer\"><\/div>\n<\/div>\n\n\n\n<div class=\"wp-block-column is-layout-flow wp-block-column-is-layout-flow\"><div class=\"wp-block-image icon-style is-style-default\">\n<figure class=\"aligncenter is-resized\"><img decoding=\"async\" src=\"http:\/\/asd-trading.at\/wp-content\/themes\/neve\/assets\/img\/starter-content\/icon-02.svg\" alt=\"\" style=\"width:48px;height:48px\"\/><\/figure>\n<\/div>\n\n\n<div style=\"height:20px\" aria-hidden=\"true\" class=\"wp-block-spacer\"><\/div>\n\n\n\n<h3 class=\"wp-block-heading has-text-align-center has-neve-text-color-color has-text-color\" style=\"font-size:21px\">Herausragende Qualit\u00e4t<\/h3>\n\n\n\n<p class=\"has-text-align-center\" style=\"font-size:15px\">Beste Qualit\u00e4t ist unser Ver\u00adsprechen f\u00fcr den Erfolg. Wir setzen auf erstklassige Elektronikbauteile, um Ihre Projekte zum Strahlen zu bringen.<\/p>\n<\/div>\n\n\n\n<div class=\"wp-block-column is-layout-flow wp-block-column-is-layout-flow\"><div class=\"wp-block-image icon-style is-style-rounded\">\n<figure class=\"aligncenter is-resized\"><img decoding=\"async\" src=\"http:\/\/asd-trading.at\/wp-content\/themes\/neve\/assets\/img\/starter-content\/icon-01.svg\" alt=\"\" style=\"width:48px;height:48px\"\/><\/figure>\n<\/div>\n\n\n<div style=\"height:20px\" aria-hidden=\"true\" class=\"wp-block-spacer\"><\/div>\n\n\n\n<h3 class=\"wp-block-heading has-text-align-center has-neve-text-color-color has-text-color\" style=\"font-size:21px\">Erstklassiger Kundensupport<\/h3>\n\n\n\n<p class=\"has-text-align-center\" style=\"font-size:15px\">Erstklassiger Kundensupport: Immer f\u00fcr Sie da, wenn Sie uns brauchen, um alle Ihre Fragen und Anliegen zu kl\u00e4ren.<\/p>\n\n\n\n<div style=\"height:20px\" aria-hidden=\"true\" class=\"wp-block-spacer\"><\/div>\n<\/div>\n<\/div>\n","protected":false},"excerpt":{"rendered":"<p>P\u00fcnktliche Lieferung Wir halten unser Versprechen: P\u00fcnktliche Lieferung, damit Ihre Projekte ohne Verz\u00f6gerungen vorankommen. Herausragende Qualit\u00e4t Beste Qualit\u00e4t ist unser Ver\u00adsprechen f\u00fcr den Erfolg. Wir setzen auf erstklassige Elektronikbauteile, um Ihre Projekte zum Strahlen zu bringen. Erstklassiger Kundensupport Erstklassiger Kundensupport: Immer f\u00fcr Sie da, wenn Sie uns brauchen, um alle Ihre Fragen und Anliegen zu&hellip;&nbsp;<a href=\"https:\/\/asd-trading.at\/\" class=\"\" rel=\"bookmark\">Weiterlesen &raquo;<span class=\"screen-reader-text\">Startseite<\/span><\/a><\/p>\n","protected":false},"author":1,"featured_media":0,"parent":0,"menu_order":0,"comment_status":"closed","ping_status":"closed","template":"","meta":{"neve_meta_sidebar":"","neve_meta_container":"","neve_meta_enable_content_width":"on","neve_meta_content_width":100,"neve_meta_title_alignment":"","neve_meta_author_avatar":"","neve_post_elements_order":"","neve_meta_disable_header":"","neve_meta_disable_footer":"","neve_meta_disable_title":"on","_ti_tpc_template_sync":false,"_ti_tpc_template_id":"","footnotes":""},"class_list":["post-32","page","type-page","status-publish","hentry"],"_links":{"self":[{"href":"https:\/\/asd-trading.at\/index.php?rest_route=\/wp\/v2\/pages\/32","targetHints":{"allow":["GET"]}}],"collection":[{"href":"https:\/\/asd-trading.at\/index.php?rest_route=\/wp\/v2\/pages"}],"about":[{"href":"https:\/\/asd-trading.at\/index.php?rest_route=\/wp\/v2\/types\/page"}],"author":[{"embeddable":true,"href":"https:\/\/asd-trading.at\/index.php?rest_route=\/wp\/v2\/users\/1"}],"replies":[{"embeddable":true,"href":"https:\/\/asd-trading.at\/index.php?rest_route=%2Fwp%2Fv2%2Fcomments&post=32"}],"version-history":[{"count":14,"href":"https:\/\/asd-trading.at\/index.php?rest_route=\/wp\/v2\/pages\/32\/revisions"}],"predecessor-version":[{"id":149,"href":"https:\/\/asd-trading.at\/index.php?rest_route=\/wp\/v2\/pages\/32\/revisions\/149"}],"wp:attachment":[{"href":"https:\/\/asd-trading.at\/index.php?rest_route=%2Fwp%2Fv2%2Fmedia&parent=32"}],"curies":[{"name":"wp","href":"https:\/\/api.w.org\/{rel}","templated":true}]}}