{"id":118,"date":"2023-11-05T16:55:04","date_gmt":"2023-11-05T15:55:04","guid":{"rendered":"http:\/\/asd-trading.at\/?page_id=118"},"modified":"2023-11-05T17:11:53","modified_gmt":"2023-11-05T16:11:53","slug":"agb","status":"publish","type":"page","link":"https:\/\/asd-trading.at\/?page_id=118","title":{"rendered":"AGB"},"content":{"rendered":"\n<p><strong>ASD Trading GmbH \/ Allgemeine Gesch\u00e4ftsbedingungen (AGB) Stand: 01.05.2023<\/strong><\/p>\n\n\n\n<ol class=\"wp-block-list\">\n<li><strong>Allgemeines \/ Geltung unserer AGB<\/strong><br>1.1. Alle gegenw\u00e4rtigen und zuk\u00fcnftigen Lieferungen von Waren erbringen wir auf Basis der nachfolgenden Bedingungen.<br>1.2. Entgegenstehende oder von unseren Bedingungen abweichende Bedingungen gelten nicht, es sei denn, wir haben ihrer Geltung ausdr\u00fccklich schriftlich zugestimmt. Die nachstehenden Bedingungen gelten auch dann, wenn wir in Kenntnis entgegenstehender oder von unseren Bedingungen abweichender Bedingungen des K\u00e4ufers die Leistungen oder Lieferungen an den K\u00e4ufer vorbehaltslos ausf\u00fchren.<br>1.3. Unsere nachstehenden allgemeinen Gesch\u00e4ftsbedingungen gelten f\u00fcr Rechtsgesch\u00e4fte zwischen Unternehmen, und zwar f\u00fcr die Lieferung von Waren, sinngem\u00e4\u00df auch f\u00fcr die Erbringung von Leistungen.<br>1.4. Individuelle Vereinbarungen mit dem Auftraggeber (K\u00e4ufer) haben stets Vorrang vor diesen Gesch\u00e4ftsbedingungen, jedoch nur wenn sie schriftlich zugesichert wurden.<br>1.5. Alle Vereinbarungen und Nebenabreden sowie nachtr\u00e4gliche \u00c4nderungen bed\u00fcrfen zu ihrer G\u00fcltigkeit der Schriftform. Dies gilt auch f\u00fcr die Aufhebung dieses Schriftformerfordernisses.<\/li>\n\n\n\n<li><strong>Angebot \/ Vertragsabschluss<\/strong><br>2.1. Unsere Angebote sind freibleibend und unverbindlich.<br>2.2. Der Vertrag gilt erst mit Absendung einer schriftlichen Auftragsbest\u00e4tigung durch uns als geschlossen.<br>2.3. Unsere Angebote und Kostenvoranschl\u00e4ge d\u00fcrfen Dritten nur mit unserer Zustimmung weitergeleitet werden. S\u00e4mtliche Angebotsunterlagen d\u00fcrfen ohne unsere Zustimmung weder vervielf\u00e4ltigt noch Dritten zug\u00e4nglich gemacht werden. Wir sind berechtigt, diese jederzeit zur\u00fcckzufordern und sind uns diese unverz\u00fcglich zur\u00fcckzustellen.<br>2.4. Aus unseren Angaben in Aussendungen, Prospekten, Werbeschriften und schriftlichen oder m\u00fcndlichen \u00c4u\u00dferungen, die nicht in den Vertrag aufgenommen wurden, k\u00f6nnen weder Gew\u00e4hrleistungsanspr\u00fcche abgeleitet noch Haftungen begr\u00fcndet werden.<\/li>\n\n\n\n<li><strong>Preise\/Zahlungsbedingungen<\/strong><br>3.1. Alle von uns genannten Preise verstehen sich, sofern wir nichts anderes ausdr\u00fccklich vermerkt haben, als Nettopreise exklusive Umsatzsteuer.<br>3.2. Bei einem Bestellwert bis 500,00 \u20ac berechnen wir zus\u00e4tzlich eine Kostenpauschale in H\u00f6he von 50,00 \u20ac (Mindermengenaufschlag).<br>3.3. Wir sind zur elektronischen Rechnungslegung berechtigt.<br>3.4. Unsere Rechnungen gelten als akzeptiert, wenn sie nicht binnen 7 Kalendertagen ab Zugang der Rechnung schriftlich beeinsprucht werden.<br>3.5. Zahlungen sind sp\u00e4testens innerhalb von 14 Kalendertagen nach Rechnungslegung ohne Abzug auf die auf unserer Rechnung befindliche Kontonummer zu leisten<br>3.6. Wir sind berechtigt, Verzugszinsen in H\u00f6he von 10% per anno in Rechnung zu stellen, wenn binnen 20 Tagen nach Zugang der Rechnung keine Zahlung einlangt.<br>3.7. Wir behalten uns Preisschwankungen f\u00fcr den Fall von W\u00e4hrungsschwankungen und Marktpreisver\u00e4nderungen sowie f\u00fcr den Fall der Erh\u00f6hung von Transportkosten vor.<br>3.8. Werden uns nach Abschluss des Vertrages Umst\u00e4nde bekannt, nach denen von einer wesentlichen Verm\u00f6gensverschlechterung des K\u00e4ufers auszugehen ist, so k\u00f6nnen wir nach unserer Wahl entweder<\/li>\n<\/ol>\n\n\n\n<p>Sicherheit binnen einer angemessenen Frist oder Zug\u2013um\u2013Zug Zahlung gegen Auslieferung verlangen. Kommt der K\u00e4ufer diesem Verlangen nicht nach, so sind wir vorbehaltlich weiterer gesetzlicher Rechte berechtigt vom Vertrag zur\u00fcckzutreten.<\/p>\n\n\n\n<ol class=\"wp-block-list\" start=\"4\">\n<li><strong>Lieferung\/Lieferfrist\/Verzug<\/strong><br>4.1. Bei den im Zusammenhang mit einer Bestellung angegebenen Liefer- und\/oder Versandfristen handelt es sich lediglich um Sch\u00e4tzangaben, die keine festen oder garantierten Lieferfristen darstellen.<br>4.2. Liefer\u2013 und sonstige Fristen sowie Termine gelten nur ann\u00e4hernd, soweit nicht schriftlich von uns ausdr\u00fccklich schriftlich best\u00e4tigt sind. Lieferfristen beginnen nicht, solange nicht \u00fcber alle Einzelheiten der Bestellung schriftlich \u00dcbereinstimmung erzielt ist und der K\u00e4ufer die ihm obliegenden Mitwirkungspflichten (z. B. von ihm zu liefernde Unterlagen f\u00fcr den Versand) erf\u00fcllt hat.<br>4.3. Lieferverz\u00f6gerungen aufgrund h\u00f6herer Gewalt oder aufgrund unvorhersehbarer und unvermeidbarer Umst\u00e4nde wie z.B. Betriebsst\u00f6rungen, Streiks, Aussperrung, Mangel an Transportmitteln, Pandemien und Epidemien, Rohstoff- und Materialbeschaffungsschwierigkeiten, beh\u00f6rdliche Anordnungen, nicht rechtzeitige Belieferung durch unsere Lieferanten oder sonstiger Umst\u00e4nde, die uns die vertragliche Leistung unm\u00f6glich machen oder unzumutbar erschweren, f\u00fchren nicht zu unserem Verzug. Eine vereinbarte Leistungsfrist verl\u00e4ngert sich um die Dauer der Behinderung. Schadensersatzanspr\u00fcche sind in diesem Fall ausgeschlossen.<br>4.4. Dauert eine Lieferverz\u00f6gerung l\u00e4nger als zwei (2) Monate, sind wir und der K\u00e4ufer nach Ablauf einer angemessenen Nachfristsetzung berechtigt, hinsichtlich des noch nichterf\u00fcllten Teils vom Vertrag zur\u00fcckzutreten. Schadensersatzanspr\u00fcche sind in diesem Fall ausgeschlossen.<br>4.5. Bei \u00dcberschreiten einer vereinbarten Lieferfrist ist uns eine angemessene Nachfrist zu gew\u00e4hren.<br>4.6. Wir sind zu Teillieferungen und entsprechende Teil-Abrechnungen berechtigt, es sei denn, diese w\u00e4ren dem K\u00e4ufer unzumutbar.<br>4.7. Wird die Lieferung auf Wunsch oder durch Verschulden des K\u00e4ufers verz\u00f6gert, so lagern die Produkte auf Kosten und Gefahr des K\u00e4ufers. In diesen F\u00e4llen sind wir berechtigt, dem K\u00e4ufer f\u00fcr jeden angefangenen Monat Lagergeld in H\u00f6he von 2,0% des Preises der Waren der Lieferung, zu berechnen. Der Nachweis h\u00f6herer oder niedrigerer Lagerkosten bleibt den Vertragsparteien unbenommen. Weitergehende Anspr\u00fcche wegen Annahmeverzug bleiben unber\u00fchrt.<\/li>\n\n\n\n<li><strong>Aufrechnung\/Zur\u00fcckbehaltungsrechte<\/strong><br>5.1. Aufrechnungsrechte stehen dem K\u00e4ufer nur zu, wenn seine Gegenanspr\u00fcche rechtskr\u00e4ftig festgestellt, unbestritten oder von uns schriftlich anerkannt sind.<br>5.2. Zur Aus\u00fcbung eines Zur\u00fcckbehaltungs- oder Leistungsverweigerungsrechts ist der K\u00e4ufer nur berechtigt, wenn sein Gegenanspruch auf demselben Vertragsverh\u00e4ltnis beruht.<\/li>\n\n\n\n<li><strong>Gefahren\u00fcbergang und Versendung<\/strong><br>6.1. Die Gefahr geht &#8211; auch wenn frachtfreie Lieferung vereinbart ist &#8211; mit der \u00dcbergabe der Waren an den Spediteur oder Frachtf\u00fchrer, sp\u00e4testens jedoch mit dem Verlassen unseres Unternehmens auf den K\u00e4ufer \u00fcber. Das Risiko des Transportes bei Lieferung tr\u00e4gt somit der K\u00e4ufer. Der \u00dcbergabe steht es gleich, wenn der K\u00e4ufer im Verzug der Annahme ist.<br>6.2. Dies gilt auch, wenn Teillieferungen erfolgen. Der K\u00e4ufer hat auf eigene Kosten und Risiko f\u00fcr die Abladung des Liefergegenstandes zu sorgen.<br>6.3. Versandart und Verpackung unterstehen unserem Ermessen.<br>6.4. Eine Versicherung der Sendung gegen Transportsch\u00e4den erfolgt nur auf ausdr\u00fccklichen Wunsch und auf Kosten des K\u00e4ufers.<\/li>\n\n\n\n<li><strong>Entgegennahme der Produkte\/Beanstandungen und M\u00e4ngelr\u00fcgen<\/strong><\/li>\n<\/ol>\n\n\n\n<p>7.1. Angelieferte Gegenst\u00e4nde sind, auch wenn sie unwesentliche Beanstandungen aufweisen, vom K\u00e4ufer entgegenzunehmen.<br>7.2. Der K\u00e4ufer hat die Produkte nach Anlieferung unverz\u00fcglich auf Mangelfreiheit zu \u00fcberpr\u00fcfen. Der K\u00e4ufer muss erkennbare M\u00e4ngel unverz\u00fcglich, sp\u00e4testens aber innerhalb von zehn (14) Kalendertagen ab Empfang der Produkte, schriftlich anzeigen, wobei diese Anzeige samt Testbericht und konkreter Beschreibung und Bescheinigung der Mangelhaftigkeit zu erfolgen hat. Andere (verdeckte) Sachm\u00e4ngel sind vom K\u00e4ufer unverz\u00fcglich nach Entdeckung schriftlich zu r\u00fcgen. Bei nicht rechtzeitiger R\u00fcge des Sachmangels oder wenn kein Testbericht oder die konkrete M\u00e4ngelbeschreibung nicht mitgesendet werden, ist die Geltendmachung von M\u00e4ngelanspr\u00fcchen und die R\u00fcckgabe der Produkte g\u00e4nzlich ausgeschlossen.<\/p>\n\n\n\n<ol class=\"wp-block-list\" start=\"8\">\n<li><strong>Stornierung von Bestellungen<\/strong><br>Die Stornierung von Bestellungen durch den K\u00e4ufer ist ausgeschlossen. Wir akzeptieren auch im Falle von Rahmenbestellungen keine Stornierungen oder Vertragsr\u00fccktritte durch den K\u00e4ufer.<\/li>\n\n\n\n<li><strong>Eigentumsvorbehalt<\/strong><br>9.1. Wir behalten uns das Eigentum an gelieferten Waren bis zum vollst\u00e4ndigen Eingang aller Zahlungen aus der Gesch\u00e4ftsverbindung mit dem K\u00e4ufer vor.<br>9.2. Der K\u00e4ufer ist verpflichtet, die von uns gelieferten Waren bis zum Eigentums\u00fcbergang pfleglich zu behandeln und auf eigene Kosten gegen Feuer-, Sturm-, Wasser- und Diebstahlssch\u00e4den ausreichend zum Neuwert zu versichern.<br>9.3. Bei Pf\u00e4ndungen oder sonstigen Eingriffen Dritter hat uns der K\u00e4ufer unverz\u00fcglich schriftlich zu benachrichtigen, soweit ein Eigentums\u00fcbergang noch nicht erfolgt ist.<\/li>\n\n\n\n<li><strong>Gew\u00e4hrleistung\/ Schadenersatz \/ Produkthaftung<\/strong><br>10.1. Die ASD Trading GmbH vertreibt von Drittherstellern gefertigte Waren. Wir testen die Produkte nicht auf \u00dcbereinstimmung mit den Herstellerspezifikationen und geben daher keine Zusicherung hinsichtlich der Marktg\u00e4ngigkeit und Eignung der Produkte f\u00fcr einen bestimmten Verwendungszweck, unabh\u00e4ngig davon, ob dieser Verwendungszweck uns bekannt ist oder nicht. Der K\u00e4ufer sichert der ASD Trading GmbH zu und gew\u00e4hrleistet, dass der K\u00e4ufer allein daf\u00fcr verantwortlich ist, festzustellen, ob die Produkte marktf\u00e4hig und f\u00fcr die vom K\u00e4ufer beabsichtigten Verwendungen geeignet sind.<br>10.2. Sobald die von uns gelieferten Produkte vom K\u00e4ufer eingebaut, verbaut, angel\u00f6tet, mit anderen Produkten verbunden oder sonst auf irgendeine Weise weiterverwendet werden, sind jegliche Gew\u00e4hrleistungs- und Schadenersatzanspr\u00fcche, auch Mangelfolgesch\u00e4den ausgeschlossen.<br>10.3. Der K\u00e4ufer hat stets zu beweisen, dass der Mangel zum \u00dcbergabezeitpunkt bereits vorhanden war. Die Ware ist nach der Ablieferung unverz\u00fcglich zu untersuchen und allenfalls zu testen. Dabei festgestellte M\u00e4ngel sind ebenso unverz\u00fcglich, sp\u00e4testens aber innerhalb von 14 Kalendertagen nach Ablieferung unter Bekanntgabe von Art und Umfang des Mangels schriftlich an uns bekannt zu geben. Verdeckte M\u00e4ngel sind unverz\u00fcglich nach ihrer Entdeckung zu r\u00fcgen. Wird eine M\u00e4ngelr\u00fcge nicht, nicht rechtzeitig oder nicht vollst\u00e4ndig (gemeinsam mit der Anzeige ist sowohl ein Testbericht als auch eine konkrete Beschreibung und Bescheinigung des Mangels mitzusenden) erhoben, so gilt die Ware als genehmigt. Die Geltendmachung von Gew\u00e4hrleistungs- oder Schadenersatzanspr\u00fcchen, das Recht auf Irrtumsanfechtung aufgrund von M\u00e4ngeln, sowie die R\u00fccknahme der Produkte sind in diesen F\u00e4llen ausgeschlossen.<br>10.4. Wir haften nur, wenn uns vom Gesch\u00e4digten Vorsatz oder grobe Fahrl\u00e4ssigkeit nachgewiesen wird.<br>10.5. Allf\u00e4llige Regressforderungen, die der K\u00e4ufer (Vertragspartner) oder Dritte aus dem Titel \u201eProdukthaftung\u201c iSd PHG gegen uns richten, sind ausgeschlossen.<br>10.6. Unsere Haftung ist in jedem Fall auf EUR 100.000,00 beschr\u00e4nkt.<\/li>\n\n\n\n<li><strong>R\u00fccknahme von Produkten<\/strong><br>11.1. Ein Anspruch des K\u00e4ufers auf R\u00fccknahme vertragsgem\u00e4\u00df gelieferter Waren besteht nicht.<br>11.2. Sobald die von uns gelieferten Waren vom K\u00e4ufer oder dessen Abnehmer verbaut, eingebaut, sonst weiterverarbeitet wurden, sind jegliche Retouren ausgeschlossen.<br>11.3. Gerechtfertigte Reklamationen berechtigen nicht zur Zur\u00fcckhaltung des gesamten, sondern lediglich eines angemessenen Teiles des Rechnungsbetrages.<\/li>\n\n\n\n<li><strong>Versto\u00df gegen Export-\/Embargobestimmungen:<\/strong><br>Wir behalten uns vor, den Vertrag zu k\u00fcndigen oder vom Vertrag zur\u00fcckzutreten, wenn sich herausstellt, dass der K\u00e4ufer oder dessen Endnutzer unserer Leistung eine nach \u00f6sterreichischen, deutschen, US-amerikanischen europ\u00e4ischen, und\/oder internationalen Export- oder Embargobestimmungen gelistete Person oder Einheit ist oder die Lieferung f\u00fcr ein Land bestimmt ist, in das nach diesen Bestimmungen eine Lieferung untersagt ist. Der Auftraggeber (K\u00e4ufer) verpflichtet sich, uns rechtzeitig zu unterrichten, falls unsere Leistung an einen Endnutzer weitergegeben oder in ein Land verbracht werden soll, wenn dadurch gegen die vorgenannten Vorschriften versto\u00dfen werden k\u00f6nnte.<\/li>\n\n\n\n<li><strong>Vertraulichkeit \/ Hinweis zum Datenschutz<\/strong><br>13.1. Unsere Unterlagen (Angebote, Produktbeschreibungen, Preise u\u00e4.) werden vom K\u00e4ufer als unser Betriebsgeheimnis anerkannt und vertraulich behandelt. Sie d\u00fcrfen ohne unsere ausdr\u00fcckliche schriftliche Zustimmung nicht kopiert, vervielf\u00e4ltigt oder \u00fcber den von uns verfolgten Zweck Dritten &#8211; insbesondere zur Angebotsabfrage &#8211; zur Verf\u00fcgung gestellt werden.<br>13.2. Wir sind berechtigt, bei Auskunftsinstituten Ausk\u00fcnfte einzuholen und diesen die \u00fcblichen Informationen zu \u00fcbermitteln.<br>13.3. Wir sammeln, verarbeiten und \u00fcbertragen bestimmte personenbezogene Daten des K\u00e4ufers und dessen Personal im Zusammenhang mit der Gesch\u00e4ftsbeziehung zwischen dem K\u00e4ufer und uns (z.B. Namen, EMail-Adressen, Telefonnummern) als Verantwortlicher in \u00dcbereinstimmung mit unserer Datenschutzerkl\u00e4rung, abrufbar unter www.asd-trading.at. Der K\u00e4ufer erkennt die Datenschutzerkl\u00e4rung der ASD Trading GmbH an und stimmt der Sammlung, Verarbeitung und \u00dcbertragung zu, sofern dies nach geltendem Recht zwingend erforderlich ist.<\/li>\n\n\n\n<li><strong>Gerichtsstand und anwendbares Recht<\/strong><br>14.1. Zur Entscheidung aller aus dem Vertrag entstehenden Streitigkeiten \u2013 einschlie\u00dflich solcher \u00fcber sein Bestehen oder Nichtbestehen \u2013 ist das am Sitz unseres Unternehmens (Wien) sachlich zust\u00e4ndige Gericht \u00f6rtlich zust\u00e4ndig. Wir haben jedoch das Recht, auch am Gerichtsstand des Vertragspartners zu klagen.<br>14.2. Der Vertrag unterliegt \u00f6sterreichischem materielles Recht unter Ausschluss des Kollisionsrechts. Die Anwendung des UNKaufrechts-\u00dcbereinkommens (UNCITRAL-\u00dcbereinkommens der Vereinten Nationen \u00fcber Vertr\u00e4ge \u00fcber den internationalen Warenkauf) ist ausgeschlossen.<\/li>\n\n\n\n<li><strong>Sonstiges<\/strong><br>15.1. Der Vertrag bleibt auch bei rechtlicher Unwirksamkeit einzelner Punkte in seinen \u00fcbrigen Teilen verbindlich. Die unwirksame Bestimmung gilt als durch eine wirksame, wirtschaftlich m\u00f6glichst gleichwertige Bestimmung ersetzt.<br>15.2. Die deutsche Sprachfassung gilt als authentische Fassung der Bedingungen und ist auch zur Vertragsauslegung zu verwenden.<\/li>\n<\/ol>\n","protected":false},"excerpt":{"rendered":"<p>ASD Trading GmbH \/ Allgemeine Gesch\u00e4ftsbedingungen (AGB) Stand: 01.05.2023 Sicherheit binnen einer angemessenen Frist oder Zug\u2013um\u2013Zug Zahlung gegen Auslieferung verlangen. Kommt der K\u00e4ufer diesem Verlangen nicht nach, so sind wir vorbehaltlich weiterer gesetzlicher Rechte berechtigt vom Vertrag zur\u00fcckzutreten. 7.1. Angelieferte Gegenst\u00e4nde sind, auch wenn sie unwesentliche Beanstandungen aufweisen, vom K\u00e4ufer entgegenzunehmen.7.2. Der K\u00e4ufer hat die&hellip;&nbsp;<a href=\"https:\/\/asd-trading.at\/?page_id=118\" class=\"\" rel=\"bookmark\">Weiterlesen &raquo;<span class=\"screen-reader-text\">AGB<\/span><\/a><\/p>\n","protected":false},"author":1,"featured_media":0,"parent":0,"menu_order":0,"comment_status":"closed","ping_status":"closed","template":"","meta":{"neve_meta_sidebar":"","neve_meta_container":"","neve_meta_enable_content_width":"","neve_meta_content_width":0,"neve_meta_title_alignment":"","neve_meta_author_avatar":"","neve_post_elements_order":"","neve_meta_disable_header":"","neve_meta_disable_footer":"","neve_meta_disable_title":"","_ti_tpc_template_sync":false,"_ti_tpc_template_id":"","footnotes":""},"class_list":["post-118","page","type-page","status-publish","hentry"],"_links":{"self":[{"href":"https:\/\/asd-trading.at\/index.php?rest_route=\/wp\/v2\/pages\/118","targetHints":{"allow":["GET"]}}],"collection":[{"href":"https:\/\/asd-trading.at\/index.php?rest_route=\/wp\/v2\/pages"}],"about":[{"href":"https:\/\/asd-trading.at\/index.php?rest_route=\/wp\/v2\/types\/page"}],"author":[{"embeddable":true,"href":"https:\/\/asd-trading.at\/index.php?rest_route=\/wp\/v2\/users\/1"}],"replies":[{"embeddable":true,"href":"https:\/\/asd-trading.at\/index.php?rest_route=%2Fwp%2Fv2%2Fcomments&post=118"}],"version-history":[{"count":2,"href":"https:\/\/asd-trading.at\/index.php?rest_route=\/wp\/v2\/pages\/118\/revisions"}],"predecessor-version":[{"id":127,"href":"https:\/\/asd-trading.at\/index.php?rest_route=\/wp\/v2\/pages\/118\/revisions\/127"}],"wp:attachment":[{"href":"https:\/\/asd-trading.at\/index.php?rest_route=%2Fwp%2Fv2%2Fmedia&parent=118"}],"curies":[{"name":"wp","href":"https:\/\/api.w.org\/{rel}","templated":true}]}}