{"id":117,"date":"2023-11-05T16:55:04","date_gmt":"2023-11-05T15:55:04","guid":{"rendered":"http:\/\/asd-trading.at\/?page_id=117"},"modified":"2023-11-09T15:25:35","modified_gmt":"2023-11-09T14:25:35","slug":"impressum","status":"publish","type":"page","link":"https:\/\/asd-trading.at\/?page_id=117","title":{"rendered":"Impressum"},"content":{"rendered":"\n<div class=\"wp-block-group is-vertical is-layout-flex wp-container-core-group-is-layout-8cf370e7 wp-block-group-is-layout-flex\">\n<p><strong>ASD Trading GmbH<\/strong><\/p>\n\n\n\n<p>Krugerstra\u00dfe 8\/8\u00a0\u00a0<br>A-1010 Wien \u2013 AUSTRIA<\/p>\n<\/div>\n\n\n\n<p><\/p>\n\n\n\n<div class=\"wp-block-columns is-layout-flex wp-container-core-columns-is-layout-9d6595d7 wp-block-columns-is-layout-flex\">\n<div class=\"wp-block-column is-vertically-aligned-top is-layout-flow wp-block-column-is-layout-flow\" style=\"flex-basis:100%\">\n<div class=\"wp-block-group is-vertical is-layout-flex wp-container-core-group-is-layout-8cf370e7 wp-block-group-is-layout-flex\">\n<p>Telefon:&nbsp;<a href=\"tel:+436601990104\"><mark style=\"background-color:rgba(0, 0, 0, 0)\" class=\"has-inline-color has-neve-link-color-color\">+43 660 1990104<\/mark><\/a><\/p>\n\n\n\n<div class=\"wp-block-group is-vertical is-layout-flex wp-container-core-group-is-layout-8cf370e7 wp-block-group-is-layout-flex\">\n<p><a href=\"mailto:info@asd-trading.at\"><mark style=\"background-color:rgba(0, 0, 0, 0)\" class=\"has-inline-color has-neve-link-color-color\">info@asd-trading.at<\/mark><\/a><\/p>\n\n\n\n<p><a href=\"https:\/\/www.baumueller.com\/de\"><mark style=\"background-color:rgba(0, 0, 0, 0)\" class=\"has-inline-color has-neve-link-color-color\">https:\/\/<\/mark><\/a><a href=\"https:\/\/urldefense.com\/v3\/__http:\/\/www.asd-trading.at__;!!OrxsNty6D4my!_ieC2oQvohC_k3ModGb0x5X7svMxAHP1n4Tvz3QshNB1j69qGchmZ8i9I6itomB2Qhuf2hqYALrry9Jif62mIRJEvw$\"><mark style=\"background-color:rgba(0, 0, 0, 0)\" class=\"has-inline-color has-neve-link-color-color\">www.asd-trading.at<\/mark><\/a><\/p>\n<\/div>\n<\/div>\n\n\n\n<p><\/p>\n\n\n\n<p><\/p>\n\n\n\n<div class=\"wp-block-group is-vertical is-layout-flex wp-container-core-group-is-layout-8cf370e7 wp-block-group-is-layout-flex\">\n<div class=\"wp-block-group is-vertical is-layout-flex wp-container-core-group-is-layout-8cf370e7 wp-block-group-is-layout-flex\">\n<p><strong>Gesch\u00e4ftsf\u00fchrerin<\/strong>:<\/p>\n\n\n\n<p>Ms. Arife S\u00fczer, BA<\/p>\n<\/div>\n<\/div>\n<\/div>\n<\/div>\n\n\n\n<div class=\"wp-block-group is-vertical is-layout-flex wp-container-core-group-is-layout-8cf370e7 wp-block-group-is-layout-flex\">\n<p>USt-ID-Nr.: ATU79326579<\/p>\n\n\n\n<p>Firmensitz Wien FN: 599302b\u00a0\u00a0 Handelsgericht Wien<\/p>\n<\/div>\n\n\n\n<p><\/p>\n","protected":false},"excerpt":{"rendered":"<p>ASD Trading GmbH Krugerstra\u00dfe 8\/8\u00a0\u00a0A-1010 Wien \u2013 AUSTRIA Telefon:&nbsp;+43 660 1990104 info@asd-trading.at https:\/\/www.asd-trading.at Gesch\u00e4ftsf\u00fchrerin: Ms. Arife S\u00fczer, BA USt-ID-Nr.: ATU79326579 Firmensitz Wien FN: 599302b\u00a0\u00a0 Handelsgericht Wien<\/p>\n","protected":false},"author":1,"featured_media":0,"parent":0,"menu_order":0,"comment_status":"closed","ping_status":"closed","template":"","meta":{"neve_meta_sidebar":"","neve_meta_container":"","neve_meta_enable_content_width":"","neve_meta_content_width":0,"neve_meta_title_alignment":"","neve_meta_author_avatar":"","neve_post_elements_order":"","neve_meta_disable_header":"","neve_meta_disable_footer":"","neve_meta_disable_title":"","_ti_tpc_template_sync":false,"_ti_tpc_template_id":"","footnotes":""},"class_list":["post-117","page","type-page","status-publish","hentry"],"_links":{"self":[{"href":"https:\/\/asd-trading.at\/index.php?rest_route=\/wp\/v2\/pages\/117","targetHints":{"allow":["GET"]}}],"collection":[{"href":"https:\/\/asd-trading.at\/index.php?rest_route=\/wp\/v2\/pages"}],"about":[{"href":"https:\/\/asd-trading.at\/index.php?rest_route=\/wp\/v2\/types\/page"}],"author":[{"embeddable":true,"href":"https:\/\/asd-trading.at\/index.php?rest_route=\/wp\/v2\/users\/1"}],"replies":[{"embeddable":true,"href":"https:\/\/asd-trading.at\/index.php?rest_route=%2Fwp%2Fv2%2Fcomments&post=117"}],"version-history":[{"count":9,"href":"https:\/\/asd-trading.at\/index.php?rest_route=\/wp\/v2\/pages\/117\/revisions"}],"predecessor-version":[{"id":155,"href":"https:\/\/asd-trading.at\/index.php?rest_route=\/wp\/v2\/pages\/117\/revisions\/155"}],"wp:attachment":[{"href":"https:\/\/asd-trading.at\/index.php?rest_route=%2Fwp%2Fv2%2Fmedia&parent=117"}],"curies":[{"name":"wp","href":"https:\/\/api.w.org\/{rel}","templated":true}]}}